{"id":104,"date":"2023-03-24T21:16:30","date_gmt":"2023-03-24T20:16:30","guid":{"rendered":"http:\/\/lfs.bachelormarketingvente.fr\/index.php\/colibri-wp\/"},"modified":"2025-03-07T10:06:05","modified_gmt":"2025-03-07T09:06:05","slug":"colibri-wp-organismes-de-formations-certification-qualiopi","status":"publish","type":"page","link":"https:\/\/www.formation-sterilisation.fr\/home\/index.php\/colibri-wp-organismes-de-formations-certification-qualiopi\/","title":{"rendered":"ORGANISME DE FORMATION"},"content":{"rendered":"\n<p class=\"has-text-align-center\"><em>ORGANISME DE FORMATION<\/em><\/p>\n\n\n\n<p class=\"has-text-align-center\"><em style=\"font-weight: bold;\">Certification Qualiopi  <\/em><\/p>\n\n\n\n<hr class=\"wp-block-separator has-alpha-channel-opacity\"\/>\n\n\n\n<p>Lebon Formation St\u00e9rilisation, un organisme de formation certifi\u00e9 Qualiopi par Afnor Certification, est votre partenaire de confiance pour acqu\u00e9rir les comp\u00e9tences n\u00e9cessaires dans le domaine de la st\u00e9rilisation. Nous comprenons l&#8217;importance de la qualit\u00e9 et de l&#8217;excellence dans la formation professionnelle, c&#8217;est pourquoi nous avons obtenu la certification Qualiopi, garantissant des prestations de haute qualit\u00e9.<\/p>\n\n\n\n<h2 class=\"wp-block-heading\">B\u00e9n\u00e9fice<\/h2>\n\n\n\n<p>Tout d&#8217;abord, gr\u00e2ce \u00e0 notre certification Qualiopi par Afnor Certification, vous pouvez ainsi avoir l&#8217;assurance que nos formations r\u00e9pondent aux normes les plus rigoureuses en mati\u00e8re de qualit\u00e9. Nous sommes engag\u00e9s \u00e0 fournir un service de formation de premier ordre, en ad\u00e9quation avec les exigences et les attentes de nos clients. Avec Lebon Formation St\u00e9rilisation, vous \u00eates entre de bonnes mains.<\/p>\n\n\n\n<p>En outre, notre approche p\u00e9dagogique est con\u00e7ue pour favoriser l&#8217;apprentissage actif et pratique. Nous croyons en l&#8217;importance de l&#8217;exp\u00e9rience pratique pour renforcer les comp\u00e9tences et la compr\u00e9hension des apprenants. Nos formateurs exp\u00e9riment\u00e9s vous guideront \u00e0 travers des activit\u00e9s interactives, des \u00e9tudes de cas r\u00e9els et des mises en situation concr\u00e8tes pour vous permettre d&#8217;appliquer vos connaissances dans un environnement r\u00e9el.<\/p>\n\n\n\n<p>De plus, nous nous engageons \u00e0 rester \u00e0 la pointe des avanc\u00e9es dans le domaine de la st\u00e9rilisation. Nous actualisons r\u00e9guli\u00e8rement nos contenus de formation pour refl\u00e9ter les derni\u00e8res normes, r\u00e9glementations et meilleures pratiques. Vous b\u00e9n\u00e9ficierez ainsi des connaissances les plus r\u00e9centes et pertinentes pour exercer dans votre domaine avec confiance et efficacit\u00e9.<\/p>\n\n\n\n<p>En choisissant Lebon Formation St\u00e9rilisation, vous optez pour une expertise reconnue et une exp\u00e9rience de formation exceptionnelle.<\/p>\n\n\n\n<h2 class=\"wp-block-heading\">Pr\u00e9requis<\/h2>\n\n\n\n<div class=\"wp-block-group is-vertical is-layout-flex wp-container-core-group-is-layout-b7faace9 wp-block-group-is-layout-flex\">\n<p>Avant d\u2019inscrire les participants et pour garantir l\u2019obtention des objectifs, il est souhaitable de respecter les conditions ci-dessous :<br>Les formations ne peuvent pas accueillir plus de 10 participants.<br>Il est souhaitable que les participants aient quelques connaissances dans le domaine de la st\u00e9rilisation. Il est fortement recommand\u00e9 qu\u2019ils connaissent d\u00e9j\u00e0 leur service et qu\u2019ils aient d\u00e9j\u00e0 vu un autoclave.<br>Les profils ci-dessous sont ceux \u00e0 privil\u00e9gier :<br>-Agent de st\u00e9rilisation en poste ou ayant \u00e9t\u00e9 en poste pr\u00e9c\u00e9demment.<br>-Titulaire d\u2019un bac pro hygi\u00e8ne, propret\u00e9 et st\u00e9rilisation.<br>-Personnel du service biom\u00e9dical (techniciens et ing\u00e9nieurs)<br>-Personnel du service technique (techniciens et ing\u00e9nieurs)<br>-Personnel de la pharmacie (pr\u00e9paratrices et pharmacien)<br>-Personnel du bloc op\u00e9ratoire (brancardiers, panseuses, IBODE, chef de bloc)<br>-Personnel des services de soin.<\/p>\n\n\n\n<p>Pour les autres profils, il est recommand\u00e9 de t\u00e9l\u00e9charger le questionnaire avant inscription (<a href=\"https:\/\/www.formation-sterilisation.fr\/images\/DLFS017v2 - Questionnaire CA avant inscription.pdf\" data-type=\"page\" data-id=\"603\">conduite des autoclaves<\/a> ou <a href=\"https:\/\/www.formation-sterilisation.fr\/images\/DLFS016v2 - Questionnaire BPS avant inscription.pdf\">bonnes pratiques de st\u00e9rilisation<\/a>) pour v\u00e9rifier les connaissances de base.<br>Un avis favorable pour la participation est rendu \u00e0 partir de 9 points obtenus.<\/p>\n\n\n\n<p>En cas de difficult\u00e9s ou pour toute question, vous pouvez toujours nous contacter. Nous ferons en sorte de vous orienter vers les organismes les plus appropri\u00e9s, si nous ne pouvons r\u00e9pondre \u00e0 vos attentes.<\/p>\n<\/div>\n\n\n\n<h2 class=\"wp-block-heading\">Contactez-nous<\/h2>\n\n\n\n<p>Ne perdez pas de temps ! Rejoignez-nous d\u00e8s aujourd&#8217;hui pour acqu\u00e9rir les comp\u00e9tences de st\u00e9rilisation indispensables \u00e0 votre succ\u00e8s professionnel. En tant qu&#8217;organisme de formation certifi\u00e9 Qualiopi par Afnor Certification, nous sommes pr\u00eats \u00e0 vous aider \u00e0 atteindre vos objectifs et \u00e0 exceller dans le domaine de la st\u00e9rilisation.<\/p>\n\n\n\n<figure class=\"wp-block-gallery has-nested-images columns-default is-cropped wp-block-gallery-1 is-layout-flex wp-block-gallery-is-layout-flex\">\n<figure class=\"wp-block-image size-full\"><img loading=\"lazy\" decoding=\"async\" width=\"709\" height=\"342\" data-id=\"657\" src=\"https:\/\/www.formation-sterilisation.fr\/home\/wp-content\/uploads\/2025\/03\/LogoQualiopi-AvecMarianne_1.jpg\" alt=\"\" class=\"wp-image-657\" srcset=\"https:\/\/www.formation-sterilisation.fr\/home\/wp-content\/uploads\/2025\/03\/LogoQualiopi-AvecMarianne_1.jpg 709w, https:\/\/www.formation-sterilisation.fr\/home\/wp-content\/uploads\/2025\/03\/LogoQualiopi-AvecMarianne_1-300x145.jpg 300w, https:\/\/www.formation-sterilisation.fr\/home\/wp-content\/uploads\/2025\/03\/LogoQualiopi-AvecMarianne_1-583x281.jpg 583w, https:\/\/www.formation-sterilisation.fr\/home\/wp-content\/uploads\/2025\/03\/LogoQualiopi-AvecMarianne_1-620x300.jpg 620w\" sizes=\"auto, (max-width: 709px) 100vw, 709px\" \/><\/figure>\n<\/figure>\n\n\n\n<p class=\"has-text-align-center\"><a href=\"https:\/\/travail-emploi.gouv.fr\/formation-professionnelle\/acteurs-cadre-et-qualite-de-la-formation-professionnelle\/article\/qualiopi-marque-de-certification-qualite-des-prestataires-de-formation\">https:\/\/travail-emploi.gouv.fr\/formation-professionnelle\/acteurs-cadre-et-qualite-de-la-formation-professionnelle\/article\/qualiopi-marque-de-certification-qualite-des-prestataires-de-formation<\/a><\/p>\n\n\n\n<hr class=\"wp-block-separator has-alpha-channel-opacity\"\/>\n","protected":false},"excerpt":{"rendered":"<p>ORGANISME DE FORMATION Certification Qualiopi Lebon Formation St\u00e9rilisation, un organisme de formation certifi\u00e9 Qualiopi par Afnor Certification, est votre partenaire de confiance pour acqu\u00e9rir les &hellip;<\/p>\n","protected":false},"author":1,"featured_media":0,"parent":0,"menu_order":0,"comment_status":"closed","ping_status":"closed","template":"","meta":{"footnotes":""},"class_list":["post-104","page","type-page","status-publish","hentry"],"_links":{"self":[{"href":"https:\/\/www.formation-sterilisation.fr\/home\/index.php\/wp-json\/wp\/v2\/pages\/104","targetHints":{"allow":["GET"]}}],"collection":[{"href":"https:\/\/www.formation-sterilisation.fr\/home\/index.php\/wp-json\/wp\/v2\/pages"}],"about":[{"href":"https:\/\/www.formation-sterilisation.fr\/home\/index.php\/wp-json\/wp\/v2\/types\/page"}],"author":[{"embeddable":true,"href":"https:\/\/www.formation-sterilisation.fr\/home\/index.php\/wp-json\/wp\/v2\/users\/1"}],"replies":[{"embeddable":true,"href":"https:\/\/www.formation-sterilisation.fr\/home\/index.php\/wp-json\/wp\/v2\/comments?post=104"}],"version-history":[{"count":10,"href":"https:\/\/www.formation-sterilisation.fr\/home\/index.php\/wp-json\/wp\/v2\/pages\/104\/revisions"}],"predecessor-version":[{"id":658,"href":"https:\/\/www.formation-sterilisation.fr\/home\/index.php\/wp-json\/wp\/v2\/pages\/104\/revisions\/658"}],"wp:attachment":[{"href":"https:\/\/www.formation-sterilisation.fr\/home\/index.php\/wp-json\/wp\/v2\/media?parent=104"}],"curies":[{"name":"wp","href":"https:\/\/api.w.org\/{rel}","templated":true}]}}