{"id":171,"date":"2023-04-08T14:10:28","date_gmt":"2023-04-08T12:10:28","guid":{"rendered":"http:\/\/lfs.bachelormarketingvente.fr\/?page_id=171"},"modified":"2023-04-08T14:10:28","modified_gmt":"2023-04-08T12:10:28","slug":"contacter","status":"publish","type":"page","link":"https:\/\/www.formation-sterilisation.fr\/home\/index.php\/contacter\/","title":{"rendered":"CONTACT"},"content":{"rendered":"\n<p class=\"has-text-align-center\"><strong>CONTACT<\/strong><\/p>\n\n\n\n<hr class=\"wp-block-separator has-alpha-channel-opacity\"\/>\n\n\n<div class=\"wp-block-image\">\n<figure class=\"aligncenter size-large\"><img decoding=\"async\" src=\"http:\/\/lfs.bachelormarketingvente.fr\/wp-content\/uploads\/2023\/05\/contact-us-g68fb02d5a_1280-1024x359.png\" alt=\"\" class=\"wp-image-407\"\/><figcaption class=\"wp-element-caption\">Contact<\/figcaption><\/figure>\n<\/div>\n\n\n<p>Cher visiteur,<\/p>\n\n\n\n<p>Nous sommes ravis que vous ayez trouv\u00e9 notre page web et nous vous remercions de l&#8217;int\u00e9r\u00eat que vous portez \u00e0 notre entreprise. Chez Lebon Formation St\u00e9rilisation, nous sommes d\u00e9vou\u00e9s \u00e0 fournir des solutions exceptionnelles \u00e0 nos clients et \u00e0 offrir un service client de premier ordre.<\/p>\n\n\n\n<p>Si vous avez des questions, des commentaires ou des demandes sp\u00e9cifiques, n&#8217;h\u00e9sitez pas \u00e0 nous contacter. Notre \u00e9quipe exp\u00e9riment\u00e9e et comp\u00e9tente est l\u00e0 pour vous aider. Que vous ayez besoin d&#8217;informations sur nos produits, de conseils d&#8217;experts ou de support technique, nous sommes l\u00e0 pour vous accompagner \u00e0 chaque \u00e9tape.<\/p>\n\n\n\n<p>Nous comprenons que chaque client est unique, c&#8217;est pourquoi nous sommes engag\u00e9s \u00e0 vous fournir une solution sur mesure adapt\u00e9e \u00e0 vos besoins sp\u00e9cifiques. Notre objectif est de vous aider \u00e0 atteindre vos objectifs et de vous offrir une exp\u00e9rience client exceptionnelle.<\/p>\n\n\n\n<p>Vous pouvez nous contacter par t\u00e9l\u00e9phone, par e-mail ou en utilisant le formulaire de contact ci-dessous. Nous nous effor\u00e7ons de r\u00e9pondre rapidement \u00e0 toutes les demandes et de vous fournir les informations dont vous avez besoin dans les plus brefs d\u00e9lais.<\/p>\n\n\n\n<p>Nous sommes impatients de vous entendre et de discuter de la mani\u00e8re dont nous pouvons vous aider. N&#8217;h\u00e9sitez pas \u00e0 nous contacter d\u00e8s aujourd&#8217;hui pour commencer une collaboration fructueuse.<\/p>\n\n\n\n<p>Cordialement,<\/p>\n\n\n\n<p>Lebon Formation St\u00e9rilisation<\/p>\n\n\n\n<figure class=\"wp-block-table\"><table><tbody><tr><td><\/td><td><strong>LFS<\/strong><\/td><\/tr><tr><td><strong><em>Mail<\/em><\/strong><\/td><td><a href=\"mailto:lebon@formation-sterilisation.fr\">lebon@formation-sterilisation.fr<\/a><\/td><\/tr><tr><td><strong><em>T\u00e9l\u00e9phone<\/em><\/strong><\/td><td>06 17 28 17 23<\/td><\/tr><\/tbody><\/table><\/figure>\n\n\n\n<p class=\"has-text-align-center\"><strong>Liens <\/strong><\/p>\n\n\n\n<hr class=\"wp-block-separator has-alpha-channel-opacity\"\/>\n\n\n\n<p class=\"has-text-align-center\"><a href=\"https:\/\/instagram.com\/lebon_formation_sterilisation?igshid=NTc4MTIwNjQ2YQ==\">https:\/\/instagram.com\/lebon_formation_sterilisation?igshid=NTc4MTIwNjQ2YQ==<\/a><\/p>\n","protected":false},"excerpt":{"rendered":"<p>CONTACT Cher visiteur, Nous sommes ravis que vous ayez trouv\u00e9 notre page web et nous vous remercions de l&#8217;int\u00e9r\u00eat que vous portez \u00e0 notre entreprise. &hellip;<\/p>\n","protected":false},"author":1,"featured_media":0,"parent":0,"menu_order":0,"comment_status":"closed","ping_status":"closed","template":"","meta":{"footnotes":""},"class_list":["post-171","page","type-page","status-publish","hentry"],"_links":{"self":[{"href":"https:\/\/www.formation-sterilisation.fr\/home\/index.php\/wp-json\/wp\/v2\/pages\/171","targetHints":{"allow":["GET"]}}],"collection":[{"href":"https:\/\/www.formation-sterilisation.fr\/home\/index.php\/wp-json\/wp\/v2\/pages"}],"about":[{"href":"https:\/\/www.formation-sterilisation.fr\/home\/index.php\/wp-json\/wp\/v2\/types\/page"}],"author":[{"embeddable":true,"href":"https:\/\/www.formation-sterilisation.fr\/home\/index.php\/wp-json\/wp\/v2\/users\/1"}],"replies":[{"embeddable":true,"href":"https:\/\/www.formation-sterilisation.fr\/home\/index.php\/wp-json\/wp\/v2\/comments?post=171"}],"version-history":[{"count":0,"href":"https:\/\/www.formation-sterilisation.fr\/home\/index.php\/wp-json\/wp\/v2\/pages\/171\/revisions"}],"wp:attachment":[{"href":"https:\/\/www.formation-sterilisation.fr\/home\/index.php\/wp-json\/wp\/v2\/media?parent=171"}],"curies":[{"name":"wp","href":"https:\/\/api.w.org\/{rel}","templated":true}]}}