{"id":174,"date":"2023-04-09T19:17:33","date_gmt":"2023-04-09T17:17:33","guid":{"rendered":"http:\/\/lfs.bachelormarketingvente.fr\/?page_id=174"},"modified":"2023-08-28T08:42:40","modified_gmt":"2023-08-28T06:42:40","slug":"capacites-techniques-et-professionnelles","status":"publish","type":"page","link":"https:\/\/www.formation-sterilisation.fr\/home\/index.php\/capacites-techniques-et-professionnelles\/","title":{"rendered":"CAPACIT\u00c9S TECHNIQUES ET PROFESSIONNELLES"},"content":{"rendered":"<div class=\"wp-block-image\">\n<figure class=\"aligncenter size-full\"><img decoding=\"async\" src=\"http:\/\/lfs.bachelormarketingvente.fr\/wp-content\/uploads\/2023\/03\/cropped-cropped-cropped-B17F44FA-6A12-4954-85BB-5BFEE8957F9F.jpeg\" alt=\"\" class=\"wp-image-188\"\/><\/figure>\n<\/div>\n\n\n<hr class=\"wp-block-separator has-alpha-channel-opacity\"\/>\n\n\n\n<p>Cet onglet pr\u00e9sente la liste de toutes les preuves des Capacit\u00e9s techniques et professionnelles de la soci\u00e9t\u00e9 LFS.<\/p>\n\n\n\n<p>Dans le cadre des proc\u00e9dures d\u00e9mat\u00e9rialis\u00e9es, les acheteur pourront trouver sur cette page des informations compl\u00e9mentaires comme indiqu\u00e9 dans les DC1 et DC2 fourni lors de la candidature.<\/p>\n\n\n\n<p>Si vous \u00eates simplement \u00e0 la recherche d&#8217;information concernant les formations, ne fuyez pas !!! Vous trouverez une description pr\u00e9cise des m\u00e9thodes propos\u00e9es pour garantir la qualit\u00e9 des formations propos\u00e9es.<\/p>\n\n\n\n<p>La soci\u00e9t\u00e9 LFS est une EURL dont tous les formateurs participent \u00e0 l&#8217;\u00e9laboration du r\u00e9f\u00e9rentiel et \u00e0 l&#8217;enseignement de ce dernier (DU de st\u00e9rilisation, GRETA, \u00e9cole IBODE&#8230;). N&#8217;h\u00e9sitez pas \u00e0 t\u00e9l\u00e9charger les <a href=\"https:\/\/www.formation-sterilisation.fr\/images\/cv2023 - formateurs.pdf\">CV des formateurs<\/a>, pour vous en assurer.<\/p>\n\n\n\n<p>Lebon Formation St\u00e9rilisation est un nom commercial, le repr\u00e9sentant moral de la soci\u00e9t\u00e9 est LEBON Maxime-Henri.<\/p>\n\n\n\n<p>LEBON Maxime-Henri d\u00e9clare sur l&#8217;honneur qu&#8217;il n&#8217;entre dans aucun des cas mentionn\u00e9s aux articles 45 et 48 de l&#8217;ordonnance du 23 juillet 2015 susvis\u00e9e et notamment qu&#8217;il est en r\u00e8gle au regard des articles L. 5212-1 \u00e0 L. 5212-11 du code du travail concernant l&#8217;emploi des travailleurs handicap\u00e9s.<\/p>\n\n\n\n<hr class=\"wp-block-separator has-alpha-channel-opacity\"\/>\n\n\n\n<figure class=\"wp-block-table\"><table><tbody><tr><td class=\"has-text-align-center\" data-align=\"center\"><strong><em>Intitul\u00e9 des Capacit\u00e9s Techniques et professionnelles<\/em><\/strong><\/td><\/tr><tr><td class=\"has-text-align-center\" data-align=\"center\"><a href=\"https:\/\/www.formation-sterilisation.fr\/images\/DLFS011v3 - Deroulement standard CA.pdf\">D\u00e9roulement standard CA<\/a><\/td><\/tr><tr><td class=\"has-text-align-center\" data-align=\"center\"><a href=\"https:\/\/www.formation-sterilisation.fr\/images\/DLFS012v2 - Deroulement standard BPS.pdf\">D\u00e9roulement standard BPS<\/a><\/td><\/tr><tr><td class=\"has-text-align-center\" data-align=\"center\"><a href=\"https:\/\/www.formation-sterilisation.fr\/images\/DLFS013v2 - Deroulement standard BPS 3j.pdf\">D\u00e9roulement standard BPS 3j<\/a><\/td><\/tr><tr><td class=\"has-text-align-center\" data-align=\"center\"><a href=\"https:\/\/www.formation-sterilisation.fr\/images\/DLFS014v2 - Deroulement standard CA Labo.pdf\">D\u00e9roulement standard CA Labo<\/a><\/td><\/tr><tr><td class=\"has-text-align-center\" data-align=\"center\"><a href=\"https:\/\/www.formation-sterilisation.fr\/images\/DLFS015v2 - Deroulement standard Rappel BPS.pdf\">D\u00e9roulement standard Rappel BPS<\/a><\/td><\/tr><tr><td class=\"has-text-align-center\" data-align=\"center\"><a href=\"https:\/\/www.formation-sterilisation.fr\/images\/PRLFS001v4 - elaboration des conventions.pdf\">\u00c9laboration des conventions<\/a><\/td><\/tr><tr><td class=\"has-text-align-center\" data-align=\"center\"><a href=\"https:\/\/www.formation-sterilisation.fr\/images\/PRLFS002v2 - Evaluation des participants.pdf\">\u00c9valuation des participants<\/a><\/td><\/tr><tr><td class=\"has-text-align-center\" data-align=\"center\"><a href=\"https:\/\/www.formation-sterilisation.fr\/images\/PRLFS003v1 - evaluation de la satisfaction.pdf\">\u00c9valuation de la satisfaction<\/a><\/td><\/tr><tr><td class=\"has-text-align-center\" data-align=\"center\"><a href=\"https:\/\/www.formation-sterilisation.fr\/images\/PRLFS004v3 - Methodes pedagogiques.pdf\">M\u00e9thodes p\u00e9dagogiques<\/a><\/td><\/tr><tr><td class=\"has-text-align-center\" data-align=\"center\"><a href=\"https:\/\/www.formation-sterilisation.fr\/images\/PRLFS005v1 - Gestion des conflits d'int\u00e9rets.pdf\">Gestion des conflits d&#8217;int\u00e9r\u00eats<\/a><\/td><\/tr><tr><td class=\"has-text-align-center\" data-align=\"center\"><a href=\"https:\/\/www.formation-sterilisation.fr\/images\/PRLFS007v1 - T\u00e9l\u00e9formation.pdf\">T\u00e9l\u00e9formation<\/a><\/td><\/tr><tr><td class=\"has-text-align-center\" data-align=\"center\"><a href=\"https:\/\/www.formation-sterilisation.fr\/images\/declaration d'interet.pdf\">D\u00e9claration d\u2019int\u00e9r\u00eat<\/a><\/td><\/tr><tr><td class=\"has-text-align-center\" data-align=\"center\"><a href=\"https:\/\/www.formation-sterilisation.fr\/images\/DLFS028v3 - Fiche locaux et preparation intervention.pdf\">Fiche locaux<\/a><\/td><\/tr><\/tbody><\/table><figcaption class=\"wp-element-caption\"><em><strong>Liste des documents<\/strong><\/em><\/figcaption><\/figure>\n\n\n\n<p><strong><em>Liste des documents de Capacit\u00e9s Techniques et Professionnelles<\/em><\/strong><\/p>\n\n\n\n<hr class=\"wp-block-separator has-alpha-channel-opacity\"\/>\n\n\n\n<div data-wp-interactive=\"core\/file\" class=\"wp-block-file\"><object data-wp-bind--hidden=\"!state.hasPdfPreview\" hidden class=\"wp-block-file__embed\" data=\"http:\/\/lfs.bachelormarketingvente.fr\/wp-content\/uploads\/2023\/05\/DLFS011v3-Deroulement-standard-CA.pdf\" type=\"application\/pdf\" style=\"width:100%;height:600px\" aria-label=\"Embed of DLFS011v3-Deroulement-standard-CA.\"><\/object><a id=\"wp-block-file--media-09a516f6-98b6-4ab8-a5a2-0db96a5e7247\" href=\"http:\/\/lfs.bachelormarketingvente.fr\/wp-content\/uploads\/2023\/05\/DLFS011v3-Deroulement-standard-CA.pdf\">DLFS011v3-Deroulement-standard-CA<\/a><a href=\"http:\/\/lfs.bachelormarketingvente.fr\/wp-content\/uploads\/2023\/05\/DLFS011v3-Deroulement-standard-CA.pdf\" class=\"wp-block-file__button wp-element-button\" download aria-describedby=\"wp-block-file--media-09a516f6-98b6-4ab8-a5a2-0db96a5e7247\">T\u00e9l\u00e9charger<\/a><\/div>\n\n\n\n<div data-wp-interactive=\"core\/file\" class=\"wp-block-file\"><object data-wp-bind--hidden=\"!state.hasPdfPreview\" hidden class=\"wp-block-file__embed\" data=\"http:\/\/lfs.bachelormarketingvente.fr\/wp-content\/uploads\/2023\/05\/DLFS012v2-Deroulement-standard-BPS.pdf\" type=\"application\/pdf\" style=\"width:100%;height:600px\" aria-label=\"Embed of DLFS012v2-Deroulement-standard-BPS.\"><\/object><a id=\"wp-block-file--media-7ce0794a-d390-4de9-bfa4-17c8724ea816\" href=\"http:\/\/lfs.bachelormarketingvente.fr\/wp-content\/uploads\/2023\/05\/DLFS012v2-Deroulement-standard-BPS.pdf\">DLFS012v2-Deroulement-standard-BPS<\/a><a href=\"http:\/\/lfs.bachelormarketingvente.fr\/wp-content\/uploads\/2023\/05\/DLFS012v2-Deroulement-standard-BPS.pdf\" class=\"wp-block-file__button wp-element-button\" download aria-describedby=\"wp-block-file--media-7ce0794a-d390-4de9-bfa4-17c8724ea816\">T\u00e9l\u00e9charger<\/a><\/div>\n\n\n\n<div data-wp-interactive=\"core\/file\" class=\"wp-block-file\"><object data-wp-bind--hidden=\"!state.hasPdfPreview\" hidden class=\"wp-block-file__embed\" data=\"http:\/\/lfs.bachelormarketingvente.fr\/wp-content\/uploads\/2023\/05\/DLFS013v2-Deroulement-standard-BPS-3j.pdf\" type=\"application\/pdf\" style=\"width:100%;height:600px\" aria-label=\"Embed of DLFS013v2-Deroulement-standard-BPS-3j.\"><\/object><a id=\"wp-block-file--media-dddb6841-c8fa-4fc5-93b1-7c0d5d857837\" href=\"http:\/\/lfs.bachelormarketingvente.fr\/wp-content\/uploads\/2023\/05\/DLFS013v2-Deroulement-standard-BPS-3j.pdf\">DLFS013v2-Deroulement-standard-BPS-3j<\/a><a href=\"http:\/\/lfs.bachelormarketingvente.fr\/wp-content\/uploads\/2023\/05\/DLFS013v2-Deroulement-standard-BPS-3j.pdf\" class=\"wp-block-file__button wp-element-button\" download aria-describedby=\"wp-block-file--media-dddb6841-c8fa-4fc5-93b1-7c0d5d857837\">T\u00e9l\u00e9charger<\/a><\/div>\n\n\n\n<div data-wp-interactive=\"core\/file\" class=\"wp-block-file\"><object data-wp-bind--hidden=\"!state.hasPdfPreview\" hidden class=\"wp-block-file__embed\" data=\"http:\/\/lfs.bachelormarketingvente.fr\/wp-content\/uploads\/2023\/05\/DLFS014v2-Deroulement-standard-CA-Labo.pdf\" type=\"application\/pdf\" style=\"width:100%;height:600px\" aria-label=\"Embed of DLFS014v2-Deroulement-standard-CA-Labo.\"><\/object><a id=\"wp-block-file--media-d15e6dac-5bed-40aa-9448-e8808d36db28\" href=\"http:\/\/lfs.bachelormarketingvente.fr\/wp-content\/uploads\/2023\/05\/DLFS014v2-Deroulement-standard-CA-Labo.pdf\">DLFS014v2-Deroulement-standard-CA-Labo<\/a><a href=\"http:\/\/lfs.bachelormarketingvente.fr\/wp-content\/uploads\/2023\/05\/DLFS014v2-Deroulement-standard-CA-Labo.pdf\" class=\"wp-block-file__button wp-element-button\" download aria-describedby=\"wp-block-file--media-d15e6dac-5bed-40aa-9448-e8808d36db28\">T\u00e9l\u00e9charger<\/a><\/div>\n\n\n\n<div data-wp-interactive=\"core\/file\" class=\"wp-block-file\"><object data-wp-bind--hidden=\"!state.hasPdfPreview\" hidden class=\"wp-block-file__embed\" data=\"http:\/\/lfs.bachelormarketingvente.fr\/wp-content\/uploads\/2023\/05\/DLFS015v2-Deroulement-standard-Rappel-BPS.pdf\" type=\"application\/pdf\" style=\"width:100%;height:600px\" aria-label=\"Embed of DLFS015v2-Deroulement-standard-Rappel-BPS.\"><\/object><a id=\"wp-block-file--media-6001c4f2-1c1c-42b3-bef4-077931a6980b\" href=\"http:\/\/lfs.bachelormarketingvente.fr\/wp-content\/uploads\/2023\/05\/DLFS015v2-Deroulement-standard-Rappel-BPS.pdf\">DLFS015v2-Deroulement-standard-Rappel-BPS<\/a><a href=\"http:\/\/lfs.bachelormarketingvente.fr\/wp-content\/uploads\/2023\/05\/DLFS015v2-Deroulement-standard-Rappel-BPS.pdf\" class=\"wp-block-file__button wp-element-button\" download aria-describedby=\"wp-block-file--media-6001c4f2-1c1c-42b3-bef4-077931a6980b\">T\u00e9l\u00e9charger<\/a><\/div>\n\n\n\n<div data-wp-interactive=\"core\/file\" class=\"wp-block-file\"><object data-wp-bind--hidden=\"!state.hasPdfPreview\" hidden class=\"wp-block-file__embed\" data=\"http:\/\/lfs.bachelormarketingvente.fr\/wp-content\/uploads\/2023\/05\/DLFS015v2-Deroulement-standard-Rappel-BPS-1.pdf\" type=\"application\/pdf\" style=\"width:100%;height:600px\" aria-label=\"Embed of DLFS015v2-Deroulement-standard-Rappel-BPS-1.\"><\/object><a id=\"wp-block-file--media-895800a2-402d-4901-864e-7151b4e0be8a\" href=\"http:\/\/lfs.bachelormarketingvente.fr\/wp-content\/uploads\/2023\/05\/DLFS015v2-Deroulement-standard-Rappel-BPS-1.pdf\">DLFS015v2-Deroulement-standard-Rappel-BPS-1<\/a><a href=\"http:\/\/lfs.bachelormarketingvente.fr\/wp-content\/uploads\/2023\/05\/DLFS015v2-Deroulement-standard-Rappel-BPS-1.pdf\" class=\"wp-block-file__button wp-element-button\" download aria-describedby=\"wp-block-file--media-895800a2-402d-4901-864e-7151b4e0be8a\">T\u00e9l\u00e9charger<\/a><\/div>\n\n\n\n<div data-wp-interactive=\"core\/file\" class=\"wp-block-file\"><object data-wp-bind--hidden=\"!state.hasPdfPreview\" hidden class=\"wp-block-file__embed\" data=\"http:\/\/lfs.bachelormarketingvente.fr\/wp-content\/uploads\/2023\/05\/PRLFS001v4-elaboration-des-conventions.pdf\" type=\"application\/pdf\" style=\"width:100%;height:600px\" aria-label=\"Embed of PRLFS001v4-elaboration-des-conventions.\"><\/object><a id=\"wp-block-file--media-6381ed39-2e58-4bae-9008-b5167b04a929\" href=\"http:\/\/lfs.bachelormarketingvente.fr\/wp-content\/uploads\/2023\/05\/PRLFS001v4-elaboration-des-conventions.pdf\">PRLFS001v4-elaboration-des-conventions<\/a><a href=\"http:\/\/lfs.bachelormarketingvente.fr\/wp-content\/uploads\/2023\/05\/PRLFS001v4-elaboration-des-conventions.pdf\" class=\"wp-block-file__button wp-element-button\" download aria-describedby=\"wp-block-file--media-6381ed39-2e58-4bae-9008-b5167b04a929\">T\u00e9l\u00e9charger<\/a><\/div>\n\n\n\n<div data-wp-interactive=\"core\/file\" class=\"wp-block-file\"><object data-wp-bind--hidden=\"!state.hasPdfPreview\" hidden class=\"wp-block-file__embed\" data=\"http:\/\/lfs.bachelormarketingvente.fr\/wp-content\/uploads\/2023\/05\/PRLFS002v2-Evaluation-des-participants.pdf\" type=\"application\/pdf\" style=\"width:100%;height:600px\" aria-label=\"Embed of PRLFS002v2-Evaluation-des-participants.\"><\/object><a id=\"wp-block-file--media-595706d3-4515-42d1-aacd-ef9e1785241d\" href=\"http:\/\/lfs.bachelormarketingvente.fr\/wp-content\/uploads\/2023\/05\/PRLFS002v2-Evaluation-des-participants.pdf\">PRLFS002v2-Evaluation-des-participants<\/a><a href=\"http:\/\/lfs.bachelormarketingvente.fr\/wp-content\/uploads\/2023\/05\/PRLFS002v2-Evaluation-des-participants.pdf\" class=\"wp-block-file__button wp-element-button\" download aria-describedby=\"wp-block-file--media-595706d3-4515-42d1-aacd-ef9e1785241d\">T\u00e9l\u00e9charger<\/a><\/div>\n\n\n\n<div data-wp-interactive=\"core\/file\" class=\"wp-block-file\"><object data-wp-bind--hidden=\"!state.hasPdfPreview\" hidden class=\"wp-block-file__embed\" data=\"http:\/\/lfs.bachelormarketingvente.fr\/wp-content\/uploads\/2023\/05\/PRLFS003v1-evaluation-de-la-satisfaction.pdf\" type=\"application\/pdf\" style=\"width:100%;height:600px\" aria-label=\"Embed of PRLFS003v1-evaluation-de-la-satisfaction.\"><\/object><a id=\"wp-block-file--media-72d6cd64-73b7-4ec7-a7bf-24bc0cfc9be1\" href=\"http:\/\/lfs.bachelormarketingvente.fr\/wp-content\/uploads\/2023\/05\/PRLFS003v1-evaluation-de-la-satisfaction.pdf\">PRLFS003v1-evaluation-de-la-satisfaction<\/a><a href=\"http:\/\/lfs.bachelormarketingvente.fr\/wp-content\/uploads\/2023\/05\/PRLFS003v1-evaluation-de-la-satisfaction.pdf\" class=\"wp-block-file__button wp-element-button\" download aria-describedby=\"wp-block-file--media-72d6cd64-73b7-4ec7-a7bf-24bc0cfc9be1\">T\u00e9l\u00e9charger<\/a><\/div>\n\n\n\n<div data-wp-interactive=\"core\/file\" class=\"wp-block-file\"><object data-wp-bind--hidden=\"!state.hasPdfPreview\" hidden class=\"wp-block-file__embed\" data=\"http:\/\/lfs.bachelormarketingvente.fr\/wp-content\/uploads\/2023\/05\/PRLFS004v3-Methodes-pedagogiques.pdf\" type=\"application\/pdf\" style=\"width:100%;height:600px\" aria-label=\"Embed of PRLFS004v3-Methodes-pedagogiques.\"><\/object><a id=\"wp-block-file--media-db6be7a5-1820-4a34-b4d4-2fdf234c3e50\" href=\"http:\/\/lfs.bachelormarketingvente.fr\/wp-content\/uploads\/2023\/05\/PRLFS004v3-Methodes-pedagogiques.pdf\">PRLFS004v3-Methodes-pedagogiques<\/a><a href=\"http:\/\/lfs.bachelormarketingvente.fr\/wp-content\/uploads\/2023\/05\/PRLFS004v3-Methodes-pedagogiques.pdf\" class=\"wp-block-file__button wp-element-button\" download aria-describedby=\"wp-block-file--media-db6be7a5-1820-4a34-b4d4-2fdf234c3e50\">T\u00e9l\u00e9charger<\/a><\/div>\n\n\n\n<div data-wp-interactive=\"core\/file\" class=\"wp-block-file\"><object data-wp-bind--hidden=\"!state.hasPdfPreview\" hidden class=\"wp-block-file__embed\" data=\"http:\/\/lfs.bachelormarketingvente.fr\/wp-content\/uploads\/2023\/05\/PRLFS005v1-Gestion-des-conflits-dinterets.pdf\" type=\"application\/pdf\" style=\"width:100%;height:600px\" aria-label=\"Embed of PRLFS005v1-Gestion-des-conflits-dinterets.\"><\/object><a id=\"wp-block-file--media-d881a48d-e4ab-43c4-9ef5-fdc47038d979\" href=\"http:\/\/lfs.bachelormarketingvente.fr\/wp-content\/uploads\/2023\/05\/PRLFS005v1-Gestion-des-conflits-dinterets.pdf\">PRLFS005v1-Gestion-des-conflits-dinterets<\/a><a href=\"http:\/\/lfs.bachelormarketingvente.fr\/wp-content\/uploads\/2023\/05\/PRLFS005v1-Gestion-des-conflits-dinterets.pdf\" class=\"wp-block-file__button wp-element-button\" download aria-describedby=\"wp-block-file--media-d881a48d-e4ab-43c4-9ef5-fdc47038d979\">T\u00e9l\u00e9charger<\/a><\/div>\n\n\n\n<div data-wp-interactive=\"core\/file\" class=\"wp-block-file\"><object data-wp-bind--hidden=\"!state.hasPdfPreview\" hidden class=\"wp-block-file__embed\" data=\"http:\/\/lfs.bachelormarketingvente.fr\/wp-content\/uploads\/2023\/05\/PRLFS007v1-Teleformation.pdf\" type=\"application\/pdf\" style=\"width:100%;height:600px\" aria-label=\"Embed of PRLFS007v1-Teleformation.\"><\/object><a id=\"wp-block-file--media-57b7cd2c-143a-40c2-81ee-244a88fa7000\" href=\"http:\/\/lfs.bachelormarketingvente.fr\/wp-content\/uploads\/2023\/05\/PRLFS007v1-Teleformation.pdf\">PRLFS007v1-Teleformation<\/a><a href=\"http:\/\/lfs.bachelormarketingvente.fr\/wp-content\/uploads\/2023\/05\/PRLFS007v1-Teleformation.pdf\" class=\"wp-block-file__button wp-element-button\" download aria-describedby=\"wp-block-file--media-57b7cd2c-143a-40c2-81ee-244a88fa7000\">T\u00e9l\u00e9charger<\/a><\/div>\n\n\n\n<div data-wp-interactive=\"core\/file\" class=\"wp-block-file\"><object data-wp-bind--hidden=\"!state.hasPdfPreview\" hidden class=\"wp-block-file__embed\" data=\"http:\/\/lfs.bachelormarketingvente.fr\/wp-content\/uploads\/2023\/05\/declaration-dinteret.pdf\" type=\"application\/pdf\" style=\"width:100%;height:600px\" aria-label=\"Embed of declaration-dinteret.\"><\/object><a id=\"wp-block-file--media-0b1b6b57-4135-4051-b6cc-251fe9a0d886\" href=\"http:\/\/lfs.bachelormarketingvente.fr\/wp-content\/uploads\/2023\/05\/declaration-dinteret.pdf\">declaration-dinteret<\/a><a href=\"http:\/\/lfs.bachelormarketingvente.fr\/wp-content\/uploads\/2023\/05\/declaration-dinteret.pdf\" class=\"wp-block-file__button wp-element-button\" download aria-describedby=\"wp-block-file--media-0b1b6b57-4135-4051-b6cc-251fe9a0d886\">T\u00e9l\u00e9charger<\/a><\/div>\n\n\n\n<div class=\"wp-block-file\"><a id=\"wp-block-file--media-8fa46646-7857-4f83-a164-13155e4c8a8c\" href=\"http:\/\/lfs.bachelormarketingvente.fr\/wp-content\/uploads\/2023\/05\/DLFS028v1-Fiche-locaux.xlsx\">DLFS028v1-Fiche-locaux<\/a><a href=\"http:\/\/lfs.bachelormarketingvente.fr\/wp-content\/uploads\/2023\/05\/DLFS028v1-Fiche-locaux.xlsx\" class=\"wp-block-file__button wp-element-button\" download aria-describedby=\"wp-block-file--media-8fa46646-7857-4f83-a164-13155e4c8a8c\">T\u00e9l\u00e9charger<\/a><\/div>\n\n\n\n<div data-wp-interactive=\"core\/file\" class=\"wp-block-file\"><object data-wp-bind--hidden=\"!state.hasPdfPreview\" hidden class=\"wp-block-file__embed\" data=\"http:\/\/lfs.bachelormarketingvente.fr\/wp-content\/uploads\/2023\/05\/DLFS028v1-Fiche-locaux-1.pdf\" type=\"application\/pdf\" style=\"width:100%;height:600px\" aria-label=\"Embed of DLFS028v1-Fiche-locaux-1.\"><\/object><a id=\"wp-block-file--media-5f86cef6-12e9-4e5d-b376-fd3daee49f43\" href=\"http:\/\/lfs.bachelormarketingvente.fr\/wp-content\/uploads\/2023\/05\/DLFS028v1-Fiche-locaux-1.pdf\">DLFS028v1-Fiche-locaux-1<\/a><a href=\"http:\/\/lfs.bachelormarketingvente.fr\/wp-content\/uploads\/2023\/05\/DLFS028v1-Fiche-locaux-1.pdf\" class=\"wp-block-file__button wp-element-button\" download aria-describedby=\"wp-block-file--media-5f86cef6-12e9-4e5d-b376-fd3daee49f43\">T\u00e9l\u00e9charger<\/a><\/div>\n","protected":false},"excerpt":{"rendered":"<p>Cet onglet pr\u00e9sente la liste de toutes les preuves des Capacit\u00e9s techniques et professionnelles de la soci\u00e9t\u00e9 LFS. Dans le cadre des proc\u00e9dures d\u00e9mat\u00e9rialis\u00e9es, les &hellip;<\/p>\n","protected":false},"author":1,"featured_media":0,"parent":0,"menu_order":0,"comment_status":"closed","ping_status":"closed","template":"","meta":{"footnotes":""},"class_list":["post-174","page","type-page","status-publish","hentry"],"_links":{"self":[{"href":"https:\/\/www.formation-sterilisation.fr\/home\/index.php\/wp-json\/wp\/v2\/pages\/174","targetHints":{"allow":["GET"]}}],"collection":[{"href":"https:\/\/www.formation-sterilisation.fr\/home\/index.php\/wp-json\/wp\/v2\/pages"}],"about":[{"href":"https:\/\/www.formation-sterilisation.fr\/home\/index.php\/wp-json\/wp\/v2\/types\/page"}],"author":[{"embeddable":true,"href":"https:\/\/www.formation-sterilisation.fr\/home\/index.php\/wp-json\/wp\/v2\/users\/1"}],"replies":[{"embeddable":true,"href":"https:\/\/www.formation-sterilisation.fr\/home\/index.php\/wp-json\/wp\/v2\/comments?post=174"}],"version-history":[{"count":6,"href":"https:\/\/www.formation-sterilisation.fr\/home\/index.php\/wp-json\/wp\/v2\/pages\/174\/revisions"}],"predecessor-version":[{"id":620,"href":"https:\/\/www.formation-sterilisation.fr\/home\/index.php\/wp-json\/wp\/v2\/pages\/174\/revisions\/620"}],"wp:attachment":[{"href":"https:\/\/www.formation-sterilisation.fr\/home\/index.php\/wp-json\/wp\/v2\/media?parent=174"}],"curies":[{"name":"wp","href":"https:\/\/api.w.org\/{rel}","templated":true}]}}