{"id":225,"date":"2023-05-10T13:48:17","date_gmt":"2023-05-10T11:48:17","guid":{"rendered":"http:\/\/lfs.bachelormarketingvente.fr\/?page_id=225"},"modified":"2023-07-27T18:03:12","modified_gmt":"2023-07-27T16:03:12","slug":"politique-de-lentreprise","status":"publish","type":"page","link":"https:\/\/www.formation-sterilisation.fr\/home\/index.php\/politique-de-lentreprise\/","title":{"rendered":"POLITIQUE DE L&#8217;ENTREPRISE"},"content":{"rendered":"<div class=\"wp-block-image\">\n<figure class=\"aligncenter size-full\"><img loading=\"lazy\" decoding=\"async\" width=\"421\" height=\"292\" src=\"http:\/\/www.formation-sterilisation.fr\/home\/wp-content\/uploads\/2023\/06\/cropped-LFS-150x103mm-RVB-72dpi.jpg\" alt=\"\" class=\"wp-image-435\" srcset=\"https:\/\/www.formation-sterilisation.fr\/home\/wp-content\/uploads\/2023\/06\/cropped-LFS-150x103mm-RVB-72dpi.jpg 421w, https:\/\/www.formation-sterilisation.fr\/home\/wp-content\/uploads\/2023\/06\/cropped-LFS-150x103mm-RVB-72dpi-300x208.jpg 300w\" sizes=\"auto, (max-width: 421px) 100vw, 421px\" \/><\/figure>\n<\/div>\n\n\n<p><em>La politique de l\u2019entreprise :  <\/em><\/p>\n\n\n\n<p class=\"has-text-align-center\"><strong><em>\u00c9thique <\/em><\/strong><\/p>\n\n\n\n<hr class=\"wp-block-separator has-alpha-channel-opacity\"\/>\n\n\n\n<p>La soci\u00e9t\u00e9 Lebon Formation St\u00e9rilisation (LFS) s\u2019engage \u00e0 exercer ces activit\u00e9s de la mani\u00e8re la plus \u00e9thique possible. Dans son activit\u00e9 d\u2019expert aupr\u00e8s de l\u2019AFNOR, la soci\u00e9t\u00e9 LFS s\u2019engage \u00e0 d\u00e9fendre l\u2019int\u00e9r\u00eat commun. De plus, chaque mission doit remplir ses objectifs et apporter le maximum pour \u00eatre la plus b\u00e9n\u00e9fique possible. Chaque formation est  donc aux publics.&nbsp;<\/p>\n\n\n\n<p class=\"has-text-align-center\"><em><strong>Objectivit\u00e9<\/strong><\/em><\/p>\n\n\n\n<hr class=\"wp-block-separator has-alpha-channel-opacity\"\/>\n\n\n\n<p>Lors des formations aucune marque ne doit \u00eatre cit\u00e9e sans que soient \u00e9galement cit\u00e9s deux autres concurrents .&nbsp;Durant vos missions, les innovations des fabricants et constructeurs doivent \u00eatre pr\u00e9sent\u00e9es aux clients afin d&#8217;en tirer un b\u00e9n\u00e9fice quelconque mais toutes les solutions concurrentielles doivent \u00eatre abord\u00e9es. <\/p>\n\n\n\n<p class=\"has-text-align-center\"><strong><em>Raisons d&#8217;\u00eatre<\/em><\/strong><\/p>\n\n\n\n<hr class=\"wp-block-separator has-alpha-channel-opacity\"\/>\n\n\n\n<p>LFS a \u00e9t\u00e9 con\u00e7ue avec la volont\u00e9 d&#8217;aider et de soutenir les acteurs de la st\u00e9rilisation en France. Les diff\u00e9rentes prestations vous permettent de palier \u00e0 vos besoins et des prestations sur mesures pour les demandes sp\u00e9cifiques.<\/p>\n\n\n\n<p>Le but est d&#8217;expliquer le r\u00e9f\u00e9rentiel, de proposer des solutions \u00e9prouv\u00e9es, de mettre en garde contre les d\u00e9rives, de soulever les incoh\u00e9rences de certaines pratiques pour am\u00e9liorer la qualit\u00e9 des services de st\u00e9rilisation, diminuer le risque pour le patient et pour le personnel.<\/p>\n\n\n\n<p>Lebon Formation St\u00e9rilisation vous invite \u00e0 faire parvenir&nbsp;vos questions et messages soit par le biais de la fiche contact soit par email directement :&nbsp;<a href=\"mailto:lebon@formation-sterilisation.fr\">lebon@formation-sterilisation.fr<\/a>.&nbsp;C&#8217;est avec le plus grand des plaisirs que je &nbsp;vous aiderai !<\/p>\n\n\n\n<p class=\"has-text-align-center\"><em><strong>CV<\/strong><\/em><\/p>\n\n\n\n<hr class=\"wp-block-separator has-alpha-channel-opacity\"\/>\n\n\n\n<div data-wp-interactive=\"core\/file\" class=\"wp-block-file\"><object data-wp-bind--hidden=\"!state.hasPdfPreview\" hidden class=\"wp-block-file__embed\" data=\"http:\/\/lfs.bachelormarketingvente.fr\/wp-content\/uploads\/2023\/05\/CV-BOURDAREL-FRANCK-2023.pdf\" type=\"application\/pdf\" style=\"width:100%;height:600px\" aria-label=\"Embed of CV-BOURDAREL-FRANCK-2023.\"><\/object><a id=\"wp-block-file--media-72c658f6-5d45-4530-add5-8c1e0809b034\" href=\"http:\/\/lfs.bachelormarketingvente.fr\/wp-content\/uploads\/2023\/05\/CV-BOURDAREL-FRANCK-2023.pdf\" target=\"_blank\" rel=\"noreferrer noopener\">CV-BOURDAREL-FRANCK-2023<\/a><a href=\"http:\/\/lfs.bachelormarketingvente.fr\/wp-content\/uploads\/2023\/05\/CV-BOURDAREL-FRANCK-2023.pdf\" class=\"wp-block-file__button wp-element-button\" download aria-describedby=\"wp-block-file--media-72c658f6-5d45-4530-add5-8c1e0809b034\">T\u00e9l\u00e9charger<\/a><\/div>\n\n\n\n<div data-wp-interactive=\"core\/file\" class=\"wp-block-file\"><object data-wp-bind--hidden=\"!state.hasPdfPreview\" hidden class=\"wp-block-file__embed\" data=\"http:\/\/lfs.bachelormarketingvente.fr\/wp-content\/uploads\/2023\/05\/cv2020v12-1.pdf\" type=\"application\/pdf\" style=\"width:100%;height:600px\" aria-label=\"Embed of cv2020v12-1.\"><\/object><a id=\"wp-block-file--media-2599dfb3-6279-4776-a77b-66c8612b5240\" href=\"http:\/\/lfs.bachelormarketingvente.fr\/wp-content\/uploads\/2023\/05\/cv2020v12-1.pdf\" target=\"_blank\" rel=\"noreferrer noopener\">cv2020v12-1<\/a><a href=\"http:\/\/lfs.bachelormarketingvente.fr\/wp-content\/uploads\/2023\/05\/cv2020v12-1.pdf\" class=\"wp-block-file__button wp-element-button\" download aria-describedby=\"wp-block-file--media-2599dfb3-6279-4776-a77b-66c8612b5240\">T\u00e9l\u00e9charger<\/a><\/div>\n\n\n\n<p class=\"has-text-align-center\"><em>Lien <\/em><\/p>\n\n\n\n<hr class=\"wp-block-separator has-alpha-channel-opacity\"\/>\n\n\n\n<p><a href=\"https:\/\/instagram.com\/lebon_formation_sterilisation?igshid=NTc4MTIwNjQ2YQ==\">https:\/\/instagram.com\/lebon_formation_sterilisation?igshid=NTc4MTIwNjQ2YQ==<\/a><\/p>\n","protected":false},"excerpt":{"rendered":"<p>La politique de l\u2019entreprise : \u00c9thique La soci\u00e9t\u00e9 Lebon Formation St\u00e9rilisation (LFS) s\u2019engage \u00e0 exercer ces activit\u00e9s de la mani\u00e8re la plus \u00e9thique possible. Dans &hellip;<\/p>\n","protected":false},"author":1,"featured_media":0,"parent":0,"menu_order":0,"comment_status":"closed","ping_status":"closed","template":"","meta":{"footnotes":""},"class_list":["post-225","page","type-page","status-publish","hentry"],"_links":{"self":[{"href":"https:\/\/www.formation-sterilisation.fr\/home\/index.php\/wp-json\/wp\/v2\/pages\/225","targetHints":{"allow":["GET"]}}],"collection":[{"href":"https:\/\/www.formation-sterilisation.fr\/home\/index.php\/wp-json\/wp\/v2\/pages"}],"about":[{"href":"https:\/\/www.formation-sterilisation.fr\/home\/index.php\/wp-json\/wp\/v2\/types\/page"}],"author":[{"embeddable":true,"href":"https:\/\/www.formation-sterilisation.fr\/home\/index.php\/wp-json\/wp\/v2\/users\/1"}],"replies":[{"embeddable":true,"href":"https:\/\/www.formation-sterilisation.fr\/home\/index.php\/wp-json\/wp\/v2\/comments?post=225"}],"version-history":[{"count":4,"href":"https:\/\/www.formation-sterilisation.fr\/home\/index.php\/wp-json\/wp\/v2\/pages\/225\/revisions"}],"predecessor-version":[{"id":590,"href":"https:\/\/www.formation-sterilisation.fr\/home\/index.php\/wp-json\/wp\/v2\/pages\/225\/revisions\/590"}],"wp:attachment":[{"href":"https:\/\/www.formation-sterilisation.fr\/home\/index.php\/wp-json\/wp\/v2\/media?parent=225"}],"curies":[{"name":"wp","href":"https:\/\/api.w.org\/{rel}","templated":true}]}}