{"id":430,"date":"2023-06-26T10:45:43","date_gmt":"2023-06-26T08:45:43","guid":{"rendered":"https:\/\/www.formation-sterilisation.fr\/home\/?page_id=430"},"modified":"2023-07-27T18:22:41","modified_gmt":"2023-07-27T16:22:41","slug":"mentions-legales","status":"publish","type":"page","link":"https:\/\/www.formation-sterilisation.fr\/home\/index.php\/mentions-legales\/","title":{"rendered":"Mentions l\u00e9gales"},"content":{"rendered":"\n<ol class=\"wp-block-list\">\n<li>Identification : LFS Organisme de Formation  Adresse : 41 RUE PETIT 75019 PARIS T\u00e9l\u00e9phone : 06 17 28 17 23 Email : <a href=\"mailto:lebon@formation-sterilisation.fr\">lebon@formation-sterilisation.fr<\/a> SIRET : 90438280100010<\/li>\n\n\n\n<li>Directeur de publication : Maxime Henri Lebon Adresse : 41 RUE PETIT 75019&nbsp;&nbsp;PARIS Email : <a href=\"mailto:lebon@formation-sterilisation.fr\">lebon@formation-sterilisation.fr<\/a><\/li>\n\n\n\n<li>H\u00e9bergement du site : Le site <a href=\"http:\/\/www.lfs-formation.com\/\">www.formation-sterilisation.fr<\/a> est h\u00e9berg\u00e9 par OVHcloud.<\/li>\n\n\n\n<li>Propri\u00e9t\u00e9 intellectuelle : Tous les contenus pr\u00e9sents sur le site www.formation-sterilisation.fr , tels que les textes, images, vid\u00e9os, logos, marques, et autres \u00e9l\u00e9ments, sont la propri\u00e9t\u00e9 exclusive de LFS Organisme de Formation, sauf indication contraire. Ils sont prot\u00e9g\u00e9s par les lois sur la propri\u00e9t\u00e9 intellectuelle en vigueur. Toute reproduction, diffusion, ou utilisation non autoris\u00e9e de ces contenus est strictement interdite.<\/li>\n\n\n\n<li>Responsabilit\u00e9 : LFS Organisme de Formation s&#8217;efforce de fournir des informations pr\u00e9cises et \u00e0 jour sur son site internet. Cependant, nous ne pouvons garantir l&#8217;exactitude, l&#8217;exhaustivit\u00e9 ou la pertinence des informations fournies. L&#8217;utilisateur du site assume donc l&#8217;enti\u00e8re responsabilit\u00e9 de l&#8217;utilisation qu&#8217;il fait des informations pr\u00e9sentes sur le site.<\/li>\n\n\n\n<li>Liens hypertextes : Le site www.formation-sterilisation.fr peut contenir des liens hypertextes redirigeant vers des sites tiers. LFS Organisme de Formation n&#8217;a aucun contr\u00f4le sur le contenu de ces sites externes et d\u00e9cline toute responsabilit\u00e9 concernant leur contenu ou leur utilisation.<\/li>\n\n\n\n<li>Collecte de donn\u00e9es personnelles : LFS Organisme de Formation peut \u00eatre amen\u00e9 \u00e0 collecter des donn\u00e9es personnelles des utilisateurs du site dans le cadre de la gestion des formations ou des demandes de renseignements.<\/li>\n\n\n\n<li>Cookies : Le site www.formation-sterilisation.fr utilise des cookies pour am\u00e9liorer l&#8217;exp\u00e9rience utilisateur. Les cookies sont de petits fichiers stock\u00e9s sur l&#8217;ordinateur de l&#8217;utilisateur et ne permettent pas son identification personnelle. L&#8217;utilisateur peut refuser l&#8217;utilisation de cookies en configurant son navigateur en cons\u00e9quence.<\/li>\n\n\n\n<li>Loi applicable et juridiction comp\u00e9tente : Les pr\u00e9sentes mentions l\u00e9gales sont r\u00e9gies par le droit fran\u00e7ais. En cas de litige relatif au site www.formation-sterilisation.fr, les tribunaux fran\u00e7ais seront seuls comp\u00e9tents.<\/li>\n\n\n\n<li>Modification des mentions l\u00e9gales : LFS Organisme de Formation se r\u00e9serve le droit de modifier ces mentions l\u00e9gales \u00e0 tout moment. Les utilisateurs sont invit\u00e9s \u00e0 consulter r\u00e9guli\u00e8rement cette page pour prendre connaissance des \u00e9ventuelles mises \u00e0 jour.<\/li>\n<\/ol>\n\n\n\n<p>Date de derni\u00e8re mise \u00e0 jour : 27\/07\/2023<\/p>\n","protected":false},"excerpt":{"rendered":"<p>Date de derni\u00e8re mise \u00e0 jour : 27\/07\/2023<\/p>\n","protected":false},"author":1,"featured_media":0,"parent":0,"menu_order":0,"comment_status":"closed","ping_status":"closed","template":"","meta":{"footnotes":""},"class_list":["post-430","page","type-page","status-publish","hentry"],"_links":{"self":[{"href":"https:\/\/www.formation-sterilisation.fr\/home\/index.php\/wp-json\/wp\/v2\/pages\/430","targetHints":{"allow":["GET"]}}],"collection":[{"href":"https:\/\/www.formation-sterilisation.fr\/home\/index.php\/wp-json\/wp\/v2\/pages"}],"about":[{"href":"https:\/\/www.formation-sterilisation.fr\/home\/index.php\/wp-json\/wp\/v2\/types\/page"}],"author":[{"embeddable":true,"href":"https:\/\/www.formation-sterilisation.fr\/home\/index.php\/wp-json\/wp\/v2\/users\/1"}],"replies":[{"embeddable":true,"href":"https:\/\/www.formation-sterilisation.fr\/home\/index.php\/wp-json\/wp\/v2\/comments?post=430"}],"version-history":[{"count":5,"href":"https:\/\/www.formation-sterilisation.fr\/home\/index.php\/wp-json\/wp\/v2\/pages\/430\/revisions"}],"predecessor-version":[{"id":597,"href":"https:\/\/www.formation-sterilisation.fr\/home\/index.php\/wp-json\/wp\/v2\/pages\/430\/revisions\/597"}],"wp:attachment":[{"href":"https:\/\/www.formation-sterilisation.fr\/home\/index.php\/wp-json\/wp\/v2\/media?parent=430"}],"curies":[{"name":"wp","href":"https:\/\/api.w.org\/{rel}","templated":true}]}}